{"id":54,"date":"2026-03-16T19:45:53","date_gmt":"2026-03-16T16:45:53","guid":{"rendered":"https:\/\/yto4.wordpress.com\/?page_id=54"},"modified":"2026-04-22T20:08:27","modified_gmt":"2026-04-22T20:08:27","slug":"ana-sayfa","status":"publish","type":"page","link":"https:\/\/www.yto.com.tr\/puplic_html\/yeni\/","title":{"rendered":"Anasayfa"},"content":{"rendered":"\n<div class=\"wp-block-columns is-layout-flex wp-container-core-columns-is-layout-28f84493 wp-block-columns-is-layout-flex\">\n<div class=\"wp-block-column is-layout-flow wp-block-column-is-layout-flow\" style=\"flex-basis:33.33%\">\n<hr class=\"wp-block-separator has-text-color has-vivid-cyan-blue-color has-alpha-channel-opacity has-vivid-cyan-blue-background-color has-background\"\/>\n\n\n\n<p class=\"has-tertiary-color has-text-color has-link-color wp-elements-de59da09bd66f3b0e3e788a2c6b57612\">.<\/p>\n\n\n\n<p class=\"has-tertiary-color has-text-color has-link-color wp-elements-de59da09bd66f3b0e3e788a2c6b57612\">.<\/p>\n\n\n\n<p class=\"has-vivid-cyan-blue-color has-text-color has-link-color wp-elements-f2a6be7254a5f5fb82a3fae5021ecac6\" style=\"font-size:clamp(1.502rem, 1.502rem + ((1vw - 0.2rem) * 2.348), 2.5rem);\"><strong>Biz kimiz, ne yap\u0131yoruz?<\/strong><\/p>\n<\/div>\n\n\n\n<div class=\"wp-block-column is-layout-flow wp-block-column-is-layout-flow\" style=\"flex-basis:66.66%\">\n<hr class=\"wp-block-separator has-text-color has-vivid-cyan-blue-color has-alpha-channel-opacity has-vivid-cyan-blue-background-color has-background\"\/>\n\n\n\n<p class=\"has-small-font-size\">35 y\u0131l\u0131 a\u015fk\u0131n s\u00fcredir, geli\u015fen teknolojiyi yak\u0131ndan takip ederek, en verimli ve en uzun \u00f6m\u00fcrl\u00fc cihazlar\u0131 tasarlayarak, sekt\u00f6re y\u00f6n vermeye \u00e7al\u0131\u015f\u0131yoruz.<\/p>\n\n\n\n<p class=\"has-small-font-size\">Su so\u011futma kulesi ve \u0131s\u0131 e\u015fanj\u00f6r\u00fc konusunda uzmanla\u015fm\u0131\u015f ve bu \u00fcr\u00fcnlerde geni\u015f bir yelpaze olu\u015fturarak her \u00e7e\u015fit ve kapasiteyi kar\u015f\u0131l\u0131yoruz.<\/p>\n\n\n\n<p class=\"has-small-font-size\">\u0130htiyac\u0131n tespitinden, en uygun cihaz\u0131n se\u00e7imi ve \u00fcretimine, cihaz\u0131n en verimli \u015fekilde \u00e7al\u0131\u015fmas\u0131na kadar olan s\u00fcreci y\u00f6neterek, m\u00fc\u015fterilerimizin ihtiya\u00e7lar\u0131n\u0131 kar\u015f\u0131l\u0131yoruz.<\/p>\n<\/div>\n<\/div>\n\n\n\n<div class=\"wp-block-columns is-layout-flex wp-container-core-columns-is-layout-28f84493 wp-block-columns-is-layout-flex\">\n<div class=\"wp-block-column is-layout-flow wp-block-column-is-layout-flow\">\n<figure style=\"font-size:clamp(1.502rem, 1.502rem + ((1vw - 0.2rem) * 2.348), 2.5rem);line-height:1.1\" class=\"wp-block-table has-merriweather-font-family\"><table class=\"has-border-color has-vivid-red-border-color has-fixed-layout\" style=\"border-width:1px\"><tbody><tr><td class=\"has-text-align-center\" data-align=\"center\"><strong><a href=\"https:\/\/www.yto.com.tr\/puplic_html\/yeni\/blog\/2026\/03\/22\/isi-esanjorleri\/\" data-type=\"post\" data-id=\"492\"><mark style=\"background-color:rgba(0, 0, 0, 0);color:#cf2e2e\" class=\"has-inline-color\">Is\u0131 E\u015fanj\u00f6rleri<\/mark><\/a><\/strong><\/td><\/tr><\/tbody><\/table><\/figure>\n<\/div>\n\n\n\n<div class=\"wp-block-column is-layout-flow wp-block-column-is-layout-flow\">\n<figure style=\"font-size:clamp(1.502rem, 1.502rem + ((1vw - 0.2rem) * 2.348), 2.5rem);line-height:1.1\" class=\"wp-block-table has-merriweather-font-family\"><table class=\"has-vivid-red-color has-text-color has-link-color has-border-color has-vivid-cyan-blue-border-color has-fixed-layout\" style=\"border-width:1px\"><tbody><tr><td class=\"has-text-align-center\" data-align=\"center\"><strong><a href=\"https:\/\/www.yto.com.tr\/puplic_html\/yeni\/blog\/2026\/03\/22\/sogutma-kuleleri\/\" data-type=\"post\" data-id=\"409\"><mark style=\"background-color:rgba(0, 0, 0, 0);color:#0693e3\" class=\"has-inline-color\">So\u011futma Kuleleri<\/mark><\/a><\/strong><\/td><\/tr><\/tbody><\/table><\/figure>\n<\/div>\n<\/div>\n","protected":false},"excerpt":{"rendered":"<p>. . Biz kimiz, ne yap\u0131yoruz? 35 y\u0131l\u0131 a\u015fk\u0131n s\u00fcredir, geli\u015fen teknolojiyi yak\u0131ndan takip ederek, en verimli ve en uzun \u00f6m\u00fcrl\u00fc cihazlar\u0131 tasarlayarak, sekt\u00f6re y\u00f6n vermeye \u00e7al\u0131\u015f\u0131yoruz. Su so\u011futma kulesi ve \u0131s\u0131 e\u015fanj\u00f6r\u00fc konusunda uzmanla\u015fm\u0131\u015f ve bu \u00fcr\u00fcnlerde geni\u015f bir yelpaze olu\u015fturarak her \u00e7e\u015fit ve kapasiteyi kar\u015f\u0131l\u0131yoruz. \u0130htiyac\u0131n tespitinden, en uygun cihaz\u0131n se\u00e7imi ve \u00fcretimine, [&hellip;]<\/p>\n","protected":false},"author":2,"featured_media":0,"parent":0,"menu_order":0,"comment_status":"closed","ping_status":"closed","template":"","meta":{"footnotes":""},"class_list":["post-54","page","type-page","status-publish","hentry"],"_links":{"self":[{"href":"https:\/\/www.yto.com.tr\/puplic_html\/yeni\/wp-json\/wp\/v2\/pages\/54","targetHints":{"allow":["GET"]}}],"collection":[{"href":"https:\/\/www.yto.com.tr\/puplic_html\/yeni\/wp-json\/wp\/v2\/pages"}],"about":[{"href":"https:\/\/www.yto.com.tr\/puplic_html\/yeni\/wp-json\/wp\/v2\/types\/page"}],"author":[{"embeddable":true,"href":"https:\/\/www.yto.com.tr\/puplic_html\/yeni\/wp-json\/wp\/v2\/users\/2"}],"replies":[{"embeddable":true,"href":"https:\/\/www.yto.com.tr\/puplic_html\/yeni\/wp-json\/wp\/v2\/comments?post=54"}],"version-history":[{"count":10,"href":"https:\/\/www.yto.com.tr\/puplic_html\/yeni\/wp-json\/wp\/v2\/pages\/54\/revisions"}],"predecessor-version":[{"id":2639,"href":"https:\/\/www.yto.com.tr\/puplic_html\/yeni\/wp-json\/wp\/v2\/pages\/54\/revisions\/2639"}],"wp:attachment":[{"href":"https:\/\/www.yto.com.tr\/puplic_html\/yeni\/wp-json\/wp\/v2\/media?parent=54"}],"curies":[{"name":"wp","href":"https:\/\/api.w.org\/{rel}","templated":true}]}}